{"id":224,"date":"2022-05-26T19:37:53","date_gmt":"2022-05-26T17:37:53","guid":{"rendered":"https:\/\/bzs-graz.at\/?page_id=224"},"modified":"2023-06-21T18:14:49","modified_gmt":"2023-06-21T16:14:49","slug":"imressum","status":"publish","type":"page","link":"https:\/\/bzs-graz.at\/hu\/imressum\/","title":{"rendered":"Impressum"},"content":{"rendered":"<div data-elementor-type=\"wp-page\" data-elementor-id=\"224\" class=\"elementor elementor-224\">\n\t\t\t\t\t\t\t\t\t<section class=\"elementor-section elementor-top-section elementor-element elementor-element-6be2fc40 elementor-section-boxed elementor-section-height-default elementor-section-height-default\" data-id=\"6be2fc40\" data-element_type=\"section\">\n\t\t\t\t\t\t<div class=\"elementor-container elementor-column-gap-default\">\n\t\t\t\t\t<div class=\"elementor-column elementor-col-100 elementor-top-column elementor-element elementor-element-59d0846\" data-id=\"59d0846\" data-element_type=\"column\">\n\t\t\t<div class=\"elementor-widget-wrap elementor-element-populated\">\n\t\t\t\t\t\t\t\t<div class=\"elementor-element elementor-element-3d5854 elementor-widget elementor-widget-text-editor\" data-id=\"3d5854\" data-element_type=\"widget\" data-widget_type=\"text-editor.default\">\n\t\t\t\t<div class=\"elementor-widget-container\">\n\t\t\t<style>\/*! elementor - v3.6.6 - 08-06-2022 *\/\n.elementor-widget-text-editor.elementor-drop-cap-view-stacked .elementor-drop-cap{background-color:#818a91;color:#fff}.elementor-widget-text-editor.elementor-drop-cap-view-framed .elementor-drop-cap{color:#818a91;border:3px solid;background-color:transparent}.elementor-widget-text-editor:not(.elementor-drop-cap-view-default) .elementor-drop-cap{margin-top:8px}.elementor-widget-text-editor:not(.elementor-drop-cap-view-default) .elementor-drop-cap-letter{width:1em;height:1em}.elementor-widget-text-editor .elementor-drop-cap{float:left;text-align:center;line-height:1;font-size:50px}.elementor-widget-text-editor .elementor-drop-cap-letter{display:inline-block}<\/style>\t\t\t\t<p><!-- wp:heading {\"level\":1} --><\/p>\n<h1>\u00a0<\/h1>\n<p><!-- \/wp:heading --><\/p>\n<p><!-- wp:heading --><\/p>\n<h2>Angaben gem\u00e4\u00df \u00a7 5 TMG<\/h2>\n<p><!-- \/wp:heading --><\/p>\n<p><!-- wp:paragraph --><\/p>\n<p>B\u0151sz Zsuzsanna<br \/>Dolmetscher und \u00dcbersetzter<br \/>Franckstra\u00dfe 35\/1\/6<br \/>8010 Graz<\/p>\n<p><!-- \/wp:paragraph --><\/p>\n<p><!-- wp:heading --><\/p>\n<h2>Kapcsolat<\/h2>\n<p><!-- \/wp:heading --><\/p>\n<p><!-- wp:paragraph --><\/p>\n<p>Telefon: 066499489553<br \/>E-Mail: office.boesz@gmail.com<\/p>\n<p><!-- \/wp:paragraph --><\/p>\n<p><!-- wp:heading --><\/p>\n<h2>Umsatzsteuer-ID<\/h2>\n<p><!-- \/wp:heading --><\/p>\n<p><!-- wp:paragraph --><\/p>\n<p>Umsatzsteuer-Identifikationsnummer gem\u00e4\u00df \u00a7 27 a Umsatzsteuergesetz:<br \/>ATU74867968<\/p>\n<p><!-- \/wp:paragraph --><\/p>\n<p><!-- wp:heading --><\/p>\n<h2>Angaben zur Berufs\u00adhaftpflicht\u00adversicherung<\/h2>\n<p><!-- \/wp:heading --><\/p>\n<p><!-- wp:paragraph --><\/p>\n<p><strong>Name und Sitz des Versicherers:<\/strong><br \/>Hiscox<br \/>Arnulfstra\u00dfe 31<br \/>80636 M\u00fcnchen<\/p>\n<p><!-- \/wp:paragraph --><\/p>\n<p><!-- wp:paragraph --><\/p>\n<p><strong>Geltungsraum der Versicherung:<\/strong><br \/>\u00d6sterreich<\/p>\n<p><!-- \/wp:paragraph --><\/p>\n<p><!-- wp:heading --><\/p>\n<h2>EU-Streitschlichtung<\/h2>\n<p><!-- \/wp:heading --><\/p>\n<p><!-- wp:paragraph --><\/p>\n<p>Die Europ\u00e4ische Kommission stellt eine Plattform zur Online-Streitbeilegung (OS) bereit: <a href=\"https:\/\/ec.europa.eu\/consumers\/odr\/\" target=\"_blank\" rel=\"noreferrer noopener\">https:\/\/ec.europa.eu\/consumers\/odr\/<\/a>.<br \/>Unsere E-Mail-Adresse finden Sie oben im Impressum.<\/p>\n<p><!-- \/wp:paragraph --><\/p>\n<p><!-- wp:heading --><\/p>\n<h2>Verbraucher\u00adstreit\u00adbeilegung\/Universal\u00adschlichtungs\u00adstelle<\/h2>\n<p><!-- \/wp:heading --><\/p>\n<p><!-- wp:paragraph --><\/p>\n<p>Wir sind nicht bereit oder verpflichtet, an Streitbeilegungsverfahren vor einer Verbraucherschlichtungsstelle teilzunehmen.<\/p>\n<p><!-- \/wp:paragraph --><\/p>\n<p><!-- wp:paragraph --><\/p>\n<p>Quelle: <a href=\"https:\/\/www.e-recht24.de\">https:\/\/www.e-recht24.de<\/a><\/p>\n<p><!-- \/wp:paragraph --><\/p>\t\t\t\t\t\t<\/div>\n\t\t\t\t<\/div>\n\t\t\t\t\t<\/div>\n\t\t<\/div>\n\t\t\t\t\t\t\t<\/div>\n\t\t<\/section>\n\t\t\t\t<section class=\"elementor-section elementor-top-section elementor-element elementor-element-8fac0fd elementor-section-boxed elementor-section-height-default elementor-section-height-default\" data-id=\"8fac0fd\" data-element_type=\"section\">\n\t\t\t\t\t\t<div class=\"elementor-container elementor-column-gap-default\">\n\t\t\t\t\t<div class=\"elementor-column elementor-col-100 elementor-top-column elementor-element elementor-element-30b2bf9\" data-id=\"30b2bf9\" data-element_type=\"column\">\n\t\t\t<div class=\"elementor-widget-wrap elementor-element-populated\">\n\t\t\t\t\t\t\t\t<div class=\"elementor-element elementor-element-4893523 elementor-align-center elementor-widget elementor-widget-button\" data-id=\"4893523\" data-element_type=\"widget\" data-widget_type=\"button.default\">\n\t\t\t\t<div class=\"elementor-widget-container\">\n\t\t\t\t\t<div class=\"elementor-button-wrapper\">\n\t\t\t<a href=\"https:\/\/bzs-graz.at\/hu\/\" class=\"elementor-button-link elementor-button elementor-size-md\" role=\"button\">\n\t\t\t\t\t\t<span class=\"elementor-button-content-wrapper\">\n\t\t\t\t\t\t<span class=\"elementor-button-text\">Zur\u00fcck zur Startseite<\/span>\n\t\t<\/span>\n\t\t\t\t\t<\/a>\n\t\t<\/div>\n\t\t\t\t<\/div>\n\t\t\t\t<\/div>\n\t\t\t\t\t<\/div>\n\t\t<\/div>\n\t\t\t\t\t\t\t<\/div>\n\t\t<\/section>\n\t\t\t\t\t\t\t<\/div>","protected":false},"excerpt":{"rendered":"<p>\u00a0 Angaben gem\u00e4\u00df \u00a7 5 TMG Zsuzsanna B\u00f6szDolmetscher und \u00dcbersetzterFranckstra\u00dfe 35\/1\/68010 Graz Kontakt Telefon: 066499489553E-Mail: office.boesz@gmail.com Umsatzsteuer-ID Umsatzsteuer-Identifikationsnummer gem\u00e4\u00df \u00a7 27 a Umsatzsteuergesetz:ATU74867968 Angaben zur Berufs\u00adhaftpflicht\u00adversicherung Name und Sitz des Versicherers:HiscoxArnulfstra\u00dfe 3180636 M\u00fcnchen Geltungsraum der Versicherung:\u00d6sterreich EU-Streitschlichtung Die Europ\u00e4ische Kommission stellt eine Plattform zur Online-Streitbeilegung (OS) bereit: https:\/\/ec.europa.eu\/consumers\/odr\/.Unsere E-Mail-Adresse finden Sie oben im Impressum. Verbraucher\u00adstreit\u00adbeilegung\/Universal\u00adschlichtungs\u00adstelle [&hellip;]<\/p>","protected":false},"author":1,"featured_media":0,"parent":0,"menu_order":0,"comment_status":"closed","ping_status":"closed","template":"","meta":{"footnotes":""},"class_list":["post-224","page","type-page","status-publish","hentry","entry"],"yoast_head":"<!-- This site is optimized with the Yoast SEO plugin v21.3 - https:\/\/yoast.com\/wordpress\/plugins\/seo\/ -->\n<title>Impressum - \u00dcbersetzer und Dolmetscher Graz<\/title>\n<meta name=\"robots\" content=\"index, follow, max-snippet:-1, max-image-preview:large, max-video-preview:-1\" \/>\n<link rel=\"canonical\" href=\"https:\/\/bzs-graz.at\/hu\/imressum\/\" \/>\n<meta property=\"og:locale\" content=\"hu_HU\" \/>\n<meta property=\"og:type\" content=\"article\" \/>\n<meta property=\"og:title\" content=\"Impressum - \u00dcbersetzer und Dolmetscher Graz\" \/>\n<meta property=\"og:description\" content=\"\u00a0 Angaben gem\u00e4\u00df \u00a7 5 TMG Zsuzsanna B\u00f6szDolmetscher und \u00dcbersetzterFranckstra\u00dfe 35\/1\/68010 Graz Kontakt Telefon: 066499489553E-Mail: office.boesz@gmail.com Umsatzsteuer-ID Umsatzsteuer-Identifikationsnummer gem\u00e4\u00df \u00a7 27 a Umsatzsteuergesetz:ATU74867968 Angaben zur Berufs\u00adhaftpflicht\u00adversicherung Name und Sitz des Versicherers:HiscoxArnulfstra\u00dfe 3180636 M\u00fcnchen Geltungsraum der Versicherung:\u00d6sterreich EU-Streitschlichtung Die Europ\u00e4ische Kommission stellt eine Plattform zur Online-Streitbeilegung (OS) bereit: https:\/\/ec.europa.eu\/consumers\/odr\/.Unsere E-Mail-Adresse finden Sie oben im Impressum. Verbraucher\u00adstreit\u00adbeilegung\/Universal\u00adschlichtungs\u00adstelle [&hellip;]\" \/>\n<meta property=\"og:url\" content=\"https:\/\/bzs-graz.at\/hu\/imressum\/\" \/>\n<meta property=\"og:site_name\" content=\"\u00dcbersetzer und Dolmetscher Graz\" \/>\n<meta property=\"article:modified_time\" content=\"2023-06-21T16:14:49+00:00\" \/>\n<meta name=\"twitter:card\" content=\"summary_large_image\" \/>\n<script type=\"application\/ld+json\" class=\"yoast-schema-graph\">{\"@context\":\"https:\/\/schema.org\",\"@graph\":[{\"@type\":\"WebPage\",\"@id\":\"https:\/\/bzs-graz.at\/imressum\/\",\"url\":\"https:\/\/bzs-graz.at\/imressum\/\",\"name\":\"Impressum - \u00dcbersetzer und Dolmetscher Graz\",\"isPartOf\":{\"@id\":\"https:\/\/bzs-graz.at\/#website\"},\"datePublished\":\"2022-05-26T17:37:53+00:00\",\"dateModified\":\"2023-06-21T16:14:49+00:00\",\"breadcrumb\":{\"@id\":\"https:\/\/bzs-graz.at\/imressum\/#breadcrumb\"},\"inLanguage\":\"hu\",\"potentialAction\":[{\"@type\":\"ReadAction\",\"target\":[\"https:\/\/bzs-graz.at\/imressum\/\"]}]},{\"@type\":\"BreadcrumbList\",\"@id\":\"https:\/\/bzs-graz.at\/imressum\/#breadcrumb\",\"itemListElement\":[{\"@type\":\"ListItem\",\"position\":1,\"name\":\"Startseite\",\"item\":\"https:\/\/bzs-graz.at\/\"},{\"@type\":\"ListItem\",\"position\":2,\"name\":\"Impressum\"}]},{\"@type\":\"WebSite\",\"@id\":\"https:\/\/bzs-graz.at\/#website\",\"url\":\"https:\/\/bzs-graz.at\/\",\"name\":\"\u00dcbersetzer und Dolmetscher Graz\",\"description\":\"Dolmetscher und \u00dcbersetzer Graz\",\"publisher\":{\"@id\":\"https:\/\/bzs-graz.at\/#\/schema\/person\/155a602b409bb89a74c7e46be1884823\"},\"potentialAction\":[{\"@type\":\"SearchAction\",\"target\":{\"@type\":\"EntryPoint\",\"urlTemplate\":\"https:\/\/bzs-graz.at\/?s={search_term_string}\"},\"query-input\":\"required name=search_term_string\"}],\"inLanguage\":\"hu\"},{\"@type\":[\"Person\",\"Organization\"],\"@id\":\"https:\/\/bzs-graz.at\/#\/schema\/person\/155a602b409bb89a74c7e46be1884823\",\"name\":\"zsuzsibosz\",\"image\":{\"@type\":\"ImageObject\",\"inLanguage\":\"hu\",\"@id\":\"https:\/\/bzs-graz.at\/#\/schema\/person\/image\/\",\"url\":\"https:\/\/bzs-graz.at\/wp-content\/uploads\/2022\/05\/cropped-Bosz_Zsuzsanna_logo_nemet.png\",\"contentUrl\":\"https:\/\/bzs-graz.at\/wp-content\/uploads\/2022\/05\/cropped-Bosz_Zsuzsanna_logo_nemet.png\",\"width\":1091,\"height\":512,\"caption\":\"zsuzsibosz\"},\"logo\":{\"@id\":\"https:\/\/bzs-graz.at\/#\/schema\/person\/image\/\"},\"sameAs\":[\"https:\/\/bzs-graz.at\"]}]}<\/script>\n<!-- \/ Yoast SEO plugin. -->","yoast_head_json":{"title":"Impressum - \u00dcbersetzer und Dolmetscher Graz","robots":{"index":"index","follow":"follow","max-snippet":"max-snippet:-1","max-image-preview":"max-image-preview:large","max-video-preview":"max-video-preview:-1"},"canonical":"https:\/\/bzs-graz.at\/hu\/imressum\/","og_locale":"hu_HU","og_type":"article","og_title":"Impressum - \u00dcbersetzer und Dolmetscher Graz","og_description":"\u00a0 Angaben gem\u00e4\u00df \u00a7 5 TMG Zsuzsanna B\u00f6szDolmetscher und \u00dcbersetzterFranckstra\u00dfe 35\/1\/68010 Graz Kontakt Telefon: 066499489553E-Mail: office.boesz@gmail.com Umsatzsteuer-ID Umsatzsteuer-Identifikationsnummer gem\u00e4\u00df \u00a7 27 a Umsatzsteuergesetz:ATU74867968 Angaben zur Berufs\u00adhaftpflicht\u00adversicherung Name und Sitz des Versicherers:HiscoxArnulfstra\u00dfe 3180636 M\u00fcnchen Geltungsraum der Versicherung:\u00d6sterreich EU-Streitschlichtung Die Europ\u00e4ische Kommission stellt eine Plattform zur Online-Streitbeilegung (OS) bereit: https:\/\/ec.europa.eu\/consumers\/odr\/.Unsere E-Mail-Adresse finden Sie oben im Impressum. Verbraucher\u00adstreit\u00adbeilegung\/Universal\u00adschlichtungs\u00adstelle [&hellip;]","og_url":"https:\/\/bzs-graz.at\/hu\/imressum\/","og_site_name":"\u00dcbersetzer und Dolmetscher Graz","article_modified_time":"2023-06-21T16:14:49+00:00","twitter_card":"summary_large_image","schema":{"@context":"https:\/\/schema.org","@graph":[{"@type":"WebPage","@id":"https:\/\/bzs-graz.at\/imressum\/","url":"https:\/\/bzs-graz.at\/imressum\/","name":"Impressum - \u00dcbersetzer und Dolmetscher Graz","isPartOf":{"@id":"https:\/\/bzs-graz.at\/#website"},"datePublished":"2022-05-26T17:37:53+00:00","dateModified":"2023-06-21T16:14:49+00:00","breadcrumb":{"@id":"https:\/\/bzs-graz.at\/imressum\/#breadcrumb"},"inLanguage":"hu","potentialAction":[{"@type":"ReadAction","target":["https:\/\/bzs-graz.at\/imressum\/"]}]},{"@type":"BreadcrumbList","@id":"https:\/\/bzs-graz.at\/imressum\/#breadcrumb","itemListElement":[{"@type":"ListItem","position":1,"name":"Startseite","item":"https:\/\/bzs-graz.at\/"},{"@type":"ListItem","position":2,"name":"Impressum"}]},{"@type":"WebSite","@id":"https:\/\/bzs-graz.at\/#website","url":"https:\/\/bzs-graz.at\/","name":"\u00dcbersetzer und Dolmetscher Graz","description":"Dolmetscher und \u00dcbersetzer Graz","publisher":{"@id":"https:\/\/bzs-graz.at\/#\/schema\/person\/155a602b409bb89a74c7e46be1884823"},"potentialAction":[{"@type":"SearchAction","target":{"@type":"EntryPoint","urlTemplate":"https:\/\/bzs-graz.at\/?s={search_term_string}"},"query-input":"required name=search_term_string"}],"inLanguage":"hu"},{"@type":["Person","Organization"],"@id":"https:\/\/bzs-graz.at\/#\/schema\/person\/155a602b409bb89a74c7e46be1884823","name":"zsuzsibosz","image":{"@type":"ImageObject","inLanguage":"hu","@id":"https:\/\/bzs-graz.at\/#\/schema\/person\/image\/","url":"https:\/\/bzs-graz.at\/wp-content\/uploads\/2022\/05\/cropped-Bosz_Zsuzsanna_logo_nemet.png","contentUrl":"https:\/\/bzs-graz.at\/wp-content\/uploads\/2022\/05\/cropped-Bosz_Zsuzsanna_logo_nemet.png","width":1091,"height":512,"caption":"zsuzsibosz"},"logo":{"@id":"https:\/\/bzs-graz.at\/#\/schema\/person\/image\/"},"sameAs":["https:\/\/bzs-graz.at"]}]}},"_links":{"self":[{"href":"https:\/\/bzs-graz.at\/hu\/wp-json\/wp\/v2\/pages\/224","targetHints":{"allow":["GET"]}}],"collection":[{"href":"https:\/\/bzs-graz.at\/hu\/wp-json\/wp\/v2\/pages"}],"about":[{"href":"https:\/\/bzs-graz.at\/hu\/wp-json\/wp\/v2\/types\/page"}],"author":[{"embeddable":true,"href":"https:\/\/bzs-graz.at\/hu\/wp-json\/wp\/v2\/users\/1"}],"replies":[{"embeddable":true,"href":"https:\/\/bzs-graz.at\/hu\/wp-json\/wp\/v2\/comments?post=224"}],"version-history":[{"count":10,"href":"https:\/\/bzs-graz.at\/hu\/wp-json\/wp\/v2\/pages\/224\/revisions"}],"predecessor-version":[{"id":847,"href":"https:\/\/bzs-graz.at\/hu\/wp-json\/wp\/v2\/pages\/224\/revisions\/847"}],"wp:attachment":[{"href":"https:\/\/bzs-graz.at\/hu\/wp-json\/wp\/v2\/media?parent=224"}],"curies":[{"name":"wp","href":"https:\/\/api.w.org\/{rel}","templated":true}]}}