{"id":218,"date":"2022-05-26T18:53:37","date_gmt":"2022-05-26T16:53:37","guid":{"rendered":"https:\/\/bzs-graz.at\/?page_id=218"},"modified":"2022-05-28T18:59:47","modified_gmt":"2022-05-28T16:59:47","slug":"formular","status":"publish","type":"page","link":"https:\/\/bzs-graz.at\/hu\/formular\/","title":{"rendered":"Formular"},"content":{"rendered":"<div data-elementor-type=\"wp-page\" data-elementor-id=\"218\" class=\"elementor elementor-218\">\n\t\t\t\t\t\t\t\t\t<section class=\"elementor-section elementor-top-section elementor-element elementor-element-d604800 elementor-section-boxed elementor-section-height-default elementor-section-height-default\" data-id=\"d604800\" data-element_type=\"section\">\n\t\t\t\t\t\t<div class=\"elementor-container elementor-column-gap-default\">\n\t\t\t\t\t<div class=\"elementor-column elementor-col-100 elementor-top-column elementor-element elementor-element-642dc4f\" data-id=\"642dc4f\" data-element_type=\"column\">\n\t\t\t<div class=\"elementor-widget-wrap elementor-element-populated\">\n\t\t\t\t\t\t\t\t<div class=\"elementor-element elementor-element-1836155 elementor-widget elementor-widget-heading\" data-id=\"1836155\" data-element_type=\"widget\" data-widget_type=\"heading.default\">\n\t\t\t\t<div class=\"elementor-widget-container\">\n\t\t\t<style>\/*! elementor - v3.6.6 - 08-06-2022 *\/\n.elementor-heading-title{padding:0;margin:0;line-height:1}.elementor-widget-heading .elementor-heading-title[class*=elementor-size-]>a{color:inherit;font-size:inherit;line-height:inherit}.elementor-widget-heading .elementor-heading-title.elementor-size-small{font-size:15px}.elementor-widget-heading .elementor-heading-title.elementor-size-medium{font-size:19px}.elementor-widget-heading .elementor-heading-title.elementor-size-large{font-size:29px}.elementor-widget-heading .elementor-heading-title.elementor-size-xl{font-size:39px}.elementor-widget-heading .elementor-heading-title.elementor-size-xxl{font-size:59px}<\/style><h2 class=\"elementor-heading-title elementor-size-default\">Kapcsolatfelv\u00e9tel<\/h2>\t\t<\/div>\n\t\t\t\t<\/div>\n\t\t\t\t<div class=\"elementor-element elementor-element-d2d5d8c elementor-widget elementor-widget-text-editor\" data-id=\"d2d5d8c\" data-element_type=\"widget\" data-widget_type=\"text-editor.default\">\n\t\t\t\t<div class=\"elementor-widget-container\">\n\t\t\t<style>\/*! elementor - v3.6.6 - 08-06-2022 *\/\n.elementor-widget-text-editor.elementor-drop-cap-view-stacked .elementor-drop-cap{background-color:#818a91;color:#fff}.elementor-widget-text-editor.elementor-drop-cap-view-framed .elementor-drop-cap{color:#818a91;border:3px solid;background-color:transparent}.elementor-widget-text-editor:not(.elementor-drop-cap-view-default) .elementor-drop-cap{margin-top:8px}.elementor-widget-text-editor:not(.elementor-drop-cap-view-default) .elementor-drop-cap-letter{width:1em;height:1em}.elementor-widget-text-editor .elementor-drop-cap{float:left;text-align:center;line-height:1;font-size:50px}.elementor-widget-text-editor .elementor-drop-cap-letter{display:inline-block}<\/style>\t\t\t\t<p>L\u00e9pjen kapcsolatban velem csak n\u00e9h\u00e1ny kattint\u00e1ssal.<\/p>\t\t\t\t\t\t<\/div>\n\t\t\t\t<\/div>\n\t\t\t\t\t<\/div>\n\t\t<\/div>\n\t\t\t\t\t\t\t<\/div>\n\t\t<\/section>\n\t\t\t\t<section class=\"elementor-section elementor-top-section elementor-element elementor-element-1964cf83 elementor-section-boxed elementor-section-height-default elementor-section-height-default\" data-id=\"1964cf83\" data-element_type=\"section\">\n\t\t\t\t\t\t<div class=\"elementor-container elementor-column-gap-default\">\n\t\t\t\t\t<div class=\"elementor-column elementor-col-100 elementor-top-column elementor-element elementor-element-f8be3f8\" data-id=\"f8be3f8\" data-element_type=\"column\">\n\t\t\t<div class=\"elementor-widget-wrap elementor-element-populated\">\n\t\t\t\t\t\t\t\t<div class=\"elementor-element elementor-element-782d504e elementor-widget elementor-widget-text-editor\" data-id=\"782d504e\" data-element_type=\"widget\" data-widget_type=\"text-editor.default\">\n\t\t\t\t<div class=\"elementor-widget-container\">\n\t\t\t\t\t\t\t<!-- wp:shortcode -->\n\t\t\t<link rel=\"stylesheet\" property=\"stylesheet\" href=\"https:\/\/bzs-graz.at\/wp-content\/plugins\/happyforms\/bundles\/css\/frontend.css\" \/>\n\t\t\t\t<!-- HappyForms CSS variables -->\n\t<style>\n\t#happyforms-221 {\n\t\t--happyforms-part-title-font-size: 16px;\n--happyforms-part-description-font-size: 12px;\n--happyforms-part-value-font-size: 16px;\n--happyforms-submit-button-font-size: 16px;\n--happyforms-color-primary: #000000;\n--happyforms-color-success-notice: #ebf9f0;\n--happyforms-color-success-notice-text: #1eb452;\n--happyforms-color-error: #f23000;\n--happyforms-color-error-notice: #ffeeea;\n--happyforms-color-error-notice-text: #f23000;\n--happyforms-color-part-title: #000000;\n--happyforms-color-part-value: #000000;\n--happyforms-color-part-placeholder: #888888;\n--happyforms-color-part-description: #454545;\n--happyforms-color-part-border: #dbdbdb;\n--happyforms-color-part-border-focus: #7aa4ff;\n--happyforms-color-part-background: #ffffff;\n--happyforms-color-part-background-focus: #ffffff;\n--happyforms-color-submit-background: #374765;\n--happyforms-color-submit-background-hover: #000000;\n--happyforms-color-submit-border: transparent;\n--happyforms-color-submit-text: #ffffff;\n--happyforms-color-submit-text-hover: #ffffff;\n--happyforms-color-table-row-odd: #fcfcfc;\n--happyforms-color-table-row-even: #efefef;\n--happyforms-color-table-row-odd-text: #000000;\n--happyforms-color-table-row-even-text: #000000;\n--happyforms-color-dropdown-item-bg: #ffffff;\n--happyforms-color-dropdown-item-text: #000000;\n--happyforms-color-dropdown-item-bg-hover: #f4f4f5;\n--happyforms-color-dropdown-item-text-hover: #000000;\n--happyforms-color-divider-hr: #cccccc;\n--happyforms-color-choice-checkmark-bg: #ffffff;\n--happyforms-color-choice-checkmark-bg-focus: #000000;\n--happyforms-color-choice-checkmark-color: #ffffff;\n\t}\n\t<\/style>\n\t<!-- End of HappyForms CSS variables -->\n\t\t<!-- HappyForms Additional CSS -->\n\t<style data-happyforms-additional-css>\n\t\t<\/style>\n\t<!-- End of HappyForms Additional CSS -->\n\t\t\t<link rel=\"stylesheet\" type=\"text\/css\" href=\"https:\/\/bzs-graz.at\/wp-content\/plugins\/happyforms\/core\/assets\/css\/no-interaction.css\">\n\t\t<div class=\"happyforms-form happyforms-styles\" id=\"happyforms-221\">\n\t\t\n\t<form action=\"\" id=\"happyforms-form-221\" method=\"post\" novalidate=\"true\" autocomplete=\"off\" data-trp-original-action=\"\">\n\t\t\t\t<input type=\"hidden\" name=\"happyforms_random_seed\" value=\"3917299073\" \/>\n\t\t\n\t\t\t<input type=\"hidden\" name=\"action\" value=\"happyforms_message\">\n\t\t\t\t<input type=\"hidden\" name=\"client_referer\" value=\"\">\n\t\t\t\t<input type=\"hidden\" name=\"current_post_id\" value=\"\">\n\t\t\t\t<input type=\"hidden\" name=\"happyforms_form_id\" value=\"221\" \/>\n\t\t\t\t<input type=\"hidden\" name=\"happyforms_step\" value=\"0\" \/>\n\t\n\t\t<div class=\"happyforms-flex\">\n\t\t\t\t<input type=\"text\" name=\"221-number\" style=\"position:absolute;left:-5000px;\" tabindex=\"-1\" autocomplete=\"off\" aria-hidden=\"true\"> <span class=\"screen-reader-text\">Leave this field blank<\/span>\n\t\t\t\t\t\t\t\t\t\t<div class=\"happyforms-form__part happyforms-part happyforms-part--single_line_text happyforms-part--width-full happyforms-part--label-show\" id=\"happyforms-221_single_line_text_1-part\" data-happyforms-type=\"single_line_text\" data-happyforms-id=\"single_line_text_1\" data-happyforms-required=\"\">\n\t<div class=\"happyforms-part-wrap\">\n\t\t\n\t\t\t\t\t\t<div class=\"happyforms-part__label-container\">\n\t\t\t\t<label for=\"happyforms-221_single_line_text_1\" class=\"happyforms-part__label\">\n\t\t\t<span class=\"label\">N\u00e9v<\/span>\n\t\t\t\t\t\t\t\t\t\t<span class=\"happyforms-required\">*<\/span>\n\t\t\t\t\t\t\t\t\t\t<span class=\"happyforms-optional\"><\/span>\n\t\t\t\t\t<\/label>\n\t\t\t<\/div>\n\t\t\t\n\t\t\n\t\t<div class=\"happyforms-part__el\">\n\t\t\t\n\t\t\t\n\t\t\t<div class=\"happyforms-input\">\n\t\t\t\t\n\t\t\t\t<input id=\"happyforms-221_single_line_text_1\" type=\"text\" name=\"221_single_line_text_1\" value=\"\" placeholder=\"Vezet\u00e9kn\u00e9v\/keresztn\u00e9v\" autocomplete=\"off\" spellcheck=\"false\"  autocorrect=\"off\" \/>\n\t\t\t\t\t\t\t<\/div>\n\n\t\t\t\n\t\t\t\n\t\t\t\t\t<\/div>\n\t<\/div>\n<\/div>\n<div class=\"happyforms-part--with-autocomplete happyforms-form__part happyforms-part happyforms-part--email happyforms-part--width-full happyforms-part--label-show\" id=\"happyforms-221_email_2-part\" data-happyforms-type=\"email\" data-happyforms-id=\"email_2\" data-happyforms-required=\"\">\n\t\t<div class=\"happyforms-part-wrap\">\n\t\t\t\t\t\t<div class=\"happyforms-part__label-container\">\n\t\t\t\t<label for=\"happyforms-221_email_2\" class=\"happyforms-part__label\">\n\t\t\t<span class=\"label\">E-mail-c\u00edm<\/span>\n\t\t\t\t\t\t\t\t\t\t<span class=\"happyforms-required\">*<\/span>\n\t\t\t\t\t\t\t\t\t\t<span class=\"happyforms-optional\"><\/span>\n\t\t\t\t\t<\/label>\n\t\t\t<\/div>\n\t\t\t\n\t\t\n\t\t<div class=\"happyforms-part__el\">\n\t\t\t\n\t\t\t\n\t\t\t<div class=\"happyforms-input\">\n\t\t\t\t<input type=\"email\" name=\"221_email_2\" id=\"happyforms-221_email_2\" value=\"\" placeholder=\"\" autocomplete=\"off\" spellcheck=\"false\"  autocorrect=\"off\" \/>\n\t\t\t\t\t\t\t<\/div>\n\n\t\t\t\n\t\t\t\n\t\t\t\t\t<\/div>\n\t<\/div>\n<\/div>\n<div class=\"happyforms-form__part happyforms-part happyforms-part--single_line_text happyforms-part--width-full happyforms-part--label-show\" id=\"happyforms-221_single_line_text_3-part\" data-happyforms-type=\"single_line_text\" data-happyforms-id=\"single_line_text_3\">\n\t<div class=\"happyforms-part-wrap\">\n\t\t\n\t\t\t\t\t\t<div class=\"happyforms-part__label-container\">\n\t\t\t\t<label for=\"happyforms-221_single_line_text_3\" class=\"happyforms-part__label\">\n\t\t\t<span class=\"label\">Telefon<\/span>\n\t\t\t\t\t\t\t\t\t\t<span class=\"happyforms-required\">*<\/span>\n\t\t\t\t\t\t\t\t\t\t<span class=\"happyforms-optional\"><\/span>\n\t\t\t\t\t<\/label>\n\t\t\t<\/div>\n\t\t\t\n\t\t\n\t\t<div class=\"happyforms-part__el\">\n\t\t\t\n\t\t\t\n\t\t\t<div class=\"happyforms-input\">\n\t\t\t\t\n\t\t\t\t<input id=\"happyforms-221_single_line_text_3\" type=\"text\" name=\"221_single_line_text_3\" value=\"\" placeholder=\"\" autocomplete=\"off\" spellcheck=\"false\"  autocorrect=\"off\" \/>\n\t\t\t\t\t\t\t<\/div>\n\n\t\t\t\n\t\t\t\n\t\t\t\t\t<\/div>\n\t<\/div>\n<\/div>\n<div class=\"happyforms-part-select--required happyforms-form__part happyforms-part happyforms-part--select happyforms-part--width-full happyforms-part--label-show\" id=\"happyforms-221_select_4-part\" data-happyforms-type=\"select\" data-happyforms-id=\"select_4\" data-happyforms-required=\"\">\n\t<div class=\"happyforms-part-wrap\">\n\t\t\t<div class=\"happyforms-part__label-container\">\n\t\t\t\t<label for=\"happyforms-221_select_4\" class=\"happyforms-part__label\">\n\t\t\t<span class=\"label\">Kapcsolatfelv\u00e9tel<\/span>\n\t\t\t\t\t\t\t\t\t\t<span class=\"happyforms-required\">*<\/span>\n\t\t\t\t\t\t\t\t\t\t<span class=\"happyforms-optional\"><\/span>\n\t\t\t\t\t<\/label>\n\t\t\t<\/div>\n\t\n\t\t\n\t\t\t\t<div class=\"happyforms-part__el\">\n\t\t\t\t\t\t<div class=\"happyforms-custom-select\">\n\t\t\t\t<div class=\"happyforms-part__select-wrap\">\n\t\t\t\t\t\t\t\t\t\t<select name=\"221_select_4\" data-serialize class='happyforms-select' required>\n\t\t\t\t\t\t\t<option disabled hidden selected value='' class=\"happyforms-placeholder-option\"><\/option>\n\t\t\t\t\t\t\t\t\t\t\t\t\t\t\t\t\t\t\t\t\t\t\t\t\t<option value=\"0\"   id=\"select_4_option_1653584501576\">\u00dcbersetzung <\/option>\n\t\t\t\t\t\t\t\t\t\t\t\t\t\t\t\t\t\t\t<option value=\"1\"   id=\"select_4_option_1653584509923\">Tolm\u00e1csol\u00e1s <\/option>\n\t\t\t\t\t\t\t\t\t\t\t\t\t\t\t\t\t\t\t<option value=\"2\"   id=\"select_4_option_1653584532154\">Oktat\u00e1s <\/option>\n\t\t\t\t\t\t\t\t\t\t\t\t\t\t\t\t\t\t\t<option value=\"3\"   id=\"select_4_option_1653584539883\">Lektorieren <\/option>\n\t\t\t\t\t\t\t\t\t\t\t\t\t\t\t\t\t\t\t<option value=\"4\"   id=\"select_4_option_1653584568856\">Hivatalos \u00fcgyek <\/option>\n\t\t\t\t\t\t\t\t\t\t\t\t\t\t\t\t\t\t\t\t\t\t\t<\/select>\n\t\t\t\t<\/div>\n\t\t\t<\/div>\n\n\t\t\t\n\t\t\t\n\t\t<\/div>\n\t<\/div>\n<\/div>\n<div class=\"happyforms-form__part happyforms-part happyforms-part--multi_line_text happyforms-part--width-full happyforms-part--label-show\" id=\"happyforms-221_multi_line_text_5-part\" data-happyforms-type=\"multi_line_text\" data-happyforms-id=\"multi_line_text_5\" data-happyforms-required=\"\">\n\t<div class=\"happyforms-part-wrap\">\n\t\t\t\t\t\t<div class=\"happyforms-part__label-container\">\n\t\t\t\t<label for=\"happyforms-221_multi_line_text_5\" class=\"happyforms-part__label\">\n\t\t\t<span class=\"label\">Megyjegyz\u00e9s<\/span>\n\t\t\t\t\t\t\t\t\t\t<span class=\"happyforms-required\">*<\/span>\n\t\t\t\t\t\t\t\t\t\t<span class=\"happyforms-optional\"><\/span>\n\t\t\t\t\t<\/label>\n\t\t\t<\/div>\n\t\t\t\n\t\t\n\t\t<div class=\"happyforms-part__el\">\n\t\t\t\n\t\t\t\t\t\t<textarea id=\"happyforms-221_multi_line_text_5\" name=\"221_multi_line_text_5\" rows=\"5\" placeholder=\"K\u00e9rem r\u00f6viden mutassa be, milyen szolg\u00e1ltat\u00e1sra van sz\u00fcks\u00e9ge\" autocomplete=\"off\" spellcheck=\"false\" autocorrect=\"off\" ><\/textarea>\n\t\t\t\n\t\t\t\n\t\t\t\t\t<\/div>\n\t<\/div>\n<\/div>\n<div class=\"happyforms-form__part happyforms-part happyforms-part--single_line_text happyforms-part--width-full happyforms-part--label-show\" id=\"happyforms-221_single_line_text_6-part\" data-happyforms-type=\"single_line_text\" data-happyforms-id=\"single_line_text_6\">\n\t<div class=\"happyforms-part-wrap\">\n\t\t\n\t\t\t\t\t\t<div class=\"happyforms-part__label-container\">\n\t\t\t\t<label for=\"happyforms-221_single_line_text_6\" class=\"happyforms-part__label\">\n\t\t\t<span class=\"label\">A megb\u00edz\u00e1s d\u00e1tuma<\/span>\n\t\t\t\t\t\t\t\t\t\t<span class=\"happyforms-required\">*<\/span>\n\t\t\t\t\t\t\t\t\t\t<span class=\"happyforms-optional\"><\/span>\n\t\t\t\t\t<\/label>\n\t\t\t<\/div>\n\t\t\t\n\t\t\n\t\t<div class=\"happyforms-part__el\">\n\t\t\t\n\t\t\t\n\t\t\t<div class=\"happyforms-input\">\n\t\t\t\t\n\t\t\t\t<input id=\"happyforms-221_single_line_text_6\" type=\"text\" name=\"221_single_line_text_6\" value=\"\" placeholder=\"\" autocomplete=\"off\" spellcheck=\"false\"  autocorrect=\"off\" \/>\n\t\t\t\t\t\t\t<\/div>\n\n\t\t\t\n\t\t\t\n\t\t\t\t\t<\/div>\n\t<\/div>\n<\/div>\n<div class=\"happyforms-part--choice display-type--block happyforms-form__part happyforms-part happyforms-part--checkbox happyforms-part--width-full happyforms-part--label-show\" id=\"happyforms-221_checkbox_8-part\" data-happyforms-type=\"checkbox\" data-happyforms-id=\"checkbox_8\" data-happyforms-required=\"\">\n\t<div class=\"happyforms-part-wrap\">\n\t\t\t<div class=\"happyforms-part__label-container\">\n\t\t\t\t<label for=\"happyforms-221_checkbox_8\" class=\"happyforms-part__label\">\n\t\t\t<span class=\"label\"><\/span>\n\t\t\t\t\t\t\t\t\t\t<span class=\"happyforms-required\">*<\/span>\n\t\t\t\t\t\t\t\t\t\t<span class=\"happyforms-optional\"><\/span>\n\t\t\t\t\t<\/label>\n\t\t\t<\/div>\n\t\n\t\t\n\t\t\n\t\t<div class=\"happyforms-part__el\">\n\t\t\t\n\t\t\t\t\t\t\t\t\t\t<div class=\"happyforms-part__option happyforms-part-option\" id=\"checkbox_8_option_1653585990924\">\n\t\t\t\t<label class=\"option-label\">\n\t\t\t\t\t<input type=\"checkbox\" class=\"happyforms-visuallyhidden happyforms-checkbox\" name=\"221_checkbox_8[]\" value=\"0\" data-serialize autocomplete=\"off\" spellcheck=\"false\"  >\n\t\t\t\t\t<span class=\"checkmark\"><svg xmlns=\"http:\/\/www.w3.org\/2000\/svg\" width=\"12\" height=\"12\" viewbox=\"0 0 24 24\"><path fill=\"currentColor\" d=\"M20.285 2l-11.285 11.567-5.286-5.011-3.714 3.716 9 8.728 15-15.285z\"\/><\/svg><\/span>\n\t\t\t\t\t<span class=\"label-wrap\">\n\t\t\t\t\t\t<span class=\"label\">Elfogadom az adatv\u00e9delmi szab\u00e1lyzatot.<\/span>\t\t\t\t\t<\/span>\n\t\t\t\t<\/label>\n\t\t\t\t\t\t\t<\/div>\n\t\t\t\n\t\t\t\n\t\t\t\t\t<\/div>\n\t<\/div>\n<\/div>\n\t\t\t\t\t\t<div class=\"happyforms-form__part happyforms-part happyforms-part--submit\">\n\t\t<button type=\"submit\" class=\"happyforms-submit happyforms-button--submit\">K\u00fcld\u00e9s<\/button>\n\t<\/div>\t\t<\/div>\n\n\t\t\t<input type=\"hidden\" name=\"trp-form-language\" value=\"hu\"\/><\/form>\n\n\t<\/div>\n\n<!-- \/wp:shortcode -->\t\t\t\t\t\t<\/div>\n\t\t\t\t<\/div>\n\t\t\t\t\t<\/div>\n\t\t<\/div>\n\t\t\t\t\t\t\t<\/div>\n\t\t<\/section>\n\t\t\t\t\t\t\t<\/div>","protected":false},"excerpt":{"rendered":"<p>Kontaktformular Treten Sie mit wenigen Klicks unverbindlich mit mir in Kontakt.<\/p>","protected":false},"author":1,"featured_media":0,"parent":0,"menu_order":0,"comment_status":"closed","ping_status":"closed","template":"","meta":{"footnotes":""},"class_list":["post-218","page","type-page","status-publish","hentry","entry"],"yoast_head":"<!-- This site is optimized with the Yoast SEO plugin v21.3 - https:\/\/yoast.com\/wordpress\/plugins\/seo\/ -->\n<title>Formular - \u00dcbersetzer und Dolmetscher Graz<\/title>\n<meta name=\"robots\" content=\"index, follow, max-snippet:-1, max-image-preview:large, max-video-preview:-1\" \/>\n<link rel=\"canonical\" href=\"https:\/\/bzs-graz.at\/hu\/formular\/\" \/>\n<meta property=\"og:locale\" content=\"hu_HU\" \/>\n<meta property=\"og:type\" content=\"article\" \/>\n<meta property=\"og:title\" content=\"Formular - \u00dcbersetzer und Dolmetscher Graz\" \/>\n<meta property=\"og:description\" content=\"Kontaktformular Treten Sie mit wenigen Klicks unverbindlich mit mir in Kontakt.\" \/>\n<meta property=\"og:url\" content=\"https:\/\/bzs-graz.at\/hu\/formular\/\" \/>\n<meta property=\"og:site_name\" content=\"\u00dcbersetzer und Dolmetscher Graz\" \/>\n<meta property=\"article:modified_time\" content=\"2022-05-28T16:59:47+00:00\" \/>\n<meta name=\"twitter:card\" content=\"summary_large_image\" \/>\n<script type=\"application\/ld+json\" class=\"yoast-schema-graph\">{\"@context\":\"https:\/\/schema.org\",\"@graph\":[{\"@type\":\"WebPage\",\"@id\":\"https:\/\/bzs-graz.at\/formular\/\",\"url\":\"https:\/\/bzs-graz.at\/formular\/\",\"name\":\"Formular - \u00dcbersetzer und Dolmetscher Graz\",\"isPartOf\":{\"@id\":\"https:\/\/bzs-graz.at\/#website\"},\"datePublished\":\"2022-05-26T16:53:37+00:00\",\"dateModified\":\"2022-05-28T16:59:47+00:00\",\"breadcrumb\":{\"@id\":\"https:\/\/bzs-graz.at\/formular\/#breadcrumb\"},\"inLanguage\":\"hu\",\"potentialAction\":[{\"@type\":\"ReadAction\",\"target\":[\"https:\/\/bzs-graz.at\/formular\/\"]}]},{\"@type\":\"BreadcrumbList\",\"@id\":\"https:\/\/bzs-graz.at\/formular\/#breadcrumb\",\"itemListElement\":[{\"@type\":\"ListItem\",\"position\":1,\"name\":\"Startseite\",\"item\":\"https:\/\/bzs-graz.at\/\"},{\"@type\":\"ListItem\",\"position\":2,\"name\":\"Formular\"}]},{\"@type\":\"WebSite\",\"@id\":\"https:\/\/bzs-graz.at\/#website\",\"url\":\"https:\/\/bzs-graz.at\/\",\"name\":\"\u00dcbersetzer und Dolmetscher Graz\",\"description\":\"Dolmetscher und \u00dcbersetzer Graz\",\"publisher\":{\"@id\":\"https:\/\/bzs-graz.at\/#\/schema\/person\/155a602b409bb89a74c7e46be1884823\"},\"potentialAction\":[{\"@type\":\"SearchAction\",\"target\":{\"@type\":\"EntryPoint\",\"urlTemplate\":\"https:\/\/bzs-graz.at\/?s={search_term_string}\"},\"query-input\":\"required name=search_term_string\"}],\"inLanguage\":\"hu\"},{\"@type\":[\"Person\",\"Organization\"],\"@id\":\"https:\/\/bzs-graz.at\/#\/schema\/person\/155a602b409bb89a74c7e46be1884823\",\"name\":\"zsuzsibosz\",\"image\":{\"@type\":\"ImageObject\",\"inLanguage\":\"hu\",\"@id\":\"https:\/\/bzs-graz.at\/#\/schema\/person\/image\/\",\"url\":\"https:\/\/bzs-graz.at\/wp-content\/uploads\/2022\/05\/cropped-Bosz_Zsuzsanna_logo_nemet.png\",\"contentUrl\":\"https:\/\/bzs-graz.at\/wp-content\/uploads\/2022\/05\/cropped-Bosz_Zsuzsanna_logo_nemet.png\",\"width\":1091,\"height\":512,\"caption\":\"zsuzsibosz\"},\"logo\":{\"@id\":\"https:\/\/bzs-graz.at\/#\/schema\/person\/image\/\"},\"sameAs\":[\"https:\/\/bzs-graz.at\"]}]}<\/script>\n<!-- \/ Yoast SEO plugin. -->","yoast_head_json":{"title":"Formular - \u00dcbersetzer und Dolmetscher Graz","robots":{"index":"index","follow":"follow","max-snippet":"max-snippet:-1","max-image-preview":"max-image-preview:large","max-video-preview":"max-video-preview:-1"},"canonical":"https:\/\/bzs-graz.at\/hu\/formular\/","og_locale":"hu_HU","og_type":"article","og_title":"Formular - \u00dcbersetzer und Dolmetscher Graz","og_description":"Kontaktformular Treten Sie mit wenigen Klicks unverbindlich mit mir in Kontakt.","og_url":"https:\/\/bzs-graz.at\/hu\/formular\/","og_site_name":"\u00dcbersetzer und Dolmetscher Graz","article_modified_time":"2022-05-28T16:59:47+00:00","twitter_card":"summary_large_image","schema":{"@context":"https:\/\/schema.org","@graph":[{"@type":"WebPage","@id":"https:\/\/bzs-graz.at\/formular\/","url":"https:\/\/bzs-graz.at\/formular\/","name":"Formular - \u00dcbersetzer und Dolmetscher Graz","isPartOf":{"@id":"https:\/\/bzs-graz.at\/#website"},"datePublished":"2022-05-26T16:53:37+00:00","dateModified":"2022-05-28T16:59:47+00:00","breadcrumb":{"@id":"https:\/\/bzs-graz.at\/formular\/#breadcrumb"},"inLanguage":"hu","potentialAction":[{"@type":"ReadAction","target":["https:\/\/bzs-graz.at\/formular\/"]}]},{"@type":"BreadcrumbList","@id":"https:\/\/bzs-graz.at\/formular\/#breadcrumb","itemListElement":[{"@type":"ListItem","position":1,"name":"Startseite","item":"https:\/\/bzs-graz.at\/"},{"@type":"ListItem","position":2,"name":"Formular"}]},{"@type":"WebSite","@id":"https:\/\/bzs-graz.at\/#website","url":"https:\/\/bzs-graz.at\/","name":"\u00dcbersetzer und Dolmetscher Graz","description":"Dolmetscher und \u00dcbersetzer Graz","publisher":{"@id":"https:\/\/bzs-graz.at\/#\/schema\/person\/155a602b409bb89a74c7e46be1884823"},"potentialAction":[{"@type":"SearchAction","target":{"@type":"EntryPoint","urlTemplate":"https:\/\/bzs-graz.at\/?s={search_term_string}"},"query-input":"required name=search_term_string"}],"inLanguage":"hu"},{"@type":["Person","Organization"],"@id":"https:\/\/bzs-graz.at\/#\/schema\/person\/155a602b409bb89a74c7e46be1884823","name":"zsuzsibosz","image":{"@type":"ImageObject","inLanguage":"hu","@id":"https:\/\/bzs-graz.at\/#\/schema\/person\/image\/","url":"https:\/\/bzs-graz.at\/wp-content\/uploads\/2022\/05\/cropped-Bosz_Zsuzsanna_logo_nemet.png","contentUrl":"https:\/\/bzs-graz.at\/wp-content\/uploads\/2022\/05\/cropped-Bosz_Zsuzsanna_logo_nemet.png","width":1091,"height":512,"caption":"zsuzsibosz"},"logo":{"@id":"https:\/\/bzs-graz.at\/#\/schema\/person\/image\/"},"sameAs":["https:\/\/bzs-graz.at"]}]}},"_links":{"self":[{"href":"https:\/\/bzs-graz.at\/hu\/wp-json\/wp\/v2\/pages\/218","targetHints":{"allow":["GET"]}}],"collection":[{"href":"https:\/\/bzs-graz.at\/hu\/wp-json\/wp\/v2\/pages"}],"about":[{"href":"https:\/\/bzs-graz.at\/hu\/wp-json\/wp\/v2\/types\/page"}],"author":[{"embeddable":true,"href":"https:\/\/bzs-graz.at\/hu\/wp-json\/wp\/v2\/users\/1"}],"replies":[{"embeddable":true,"href":"https:\/\/bzs-graz.at\/hu\/wp-json\/wp\/v2\/comments?post=218"}],"version-history":[{"count":10,"href":"https:\/\/bzs-graz.at\/hu\/wp-json\/wp\/v2\/pages\/218\/revisions"}],"predecessor-version":[{"id":429,"href":"https:\/\/bzs-graz.at\/hu\/wp-json\/wp\/v2\/pages\/218\/revisions\/429"}],"wp:attachment":[{"href":"https:\/\/bzs-graz.at\/hu\/wp-json\/wp\/v2\/media?parent=218"}],"curies":[{"name":"wp","href":"https:\/\/api.w.org\/{rel}","templated":true}]}}